{"id":5,"date":"2019-02-20T09:10:09","date_gmt":"2019-02-20T08:10:09","guid":{"rendered":"http:\/\/192.168.1.70\/wordpress\/?page_id=5"},"modified":"2025-11-06T11:24:20","modified_gmt":"2025-11-06T10:24:20","slug":"kontakty","status":"publish","type":"page","link":"http:\/\/extranet.dcgroup.cz\/index.php\/kontakty\/","title":{"rendered":"Kontakty"},"content":{"rendered":"<div class=\"swpm-post-not-logged-in-msg\">You need to be logged in to view this content.   <a class=\"swpm-login-link\" href=\"http:\/\/extranet.dcgroup.cz\/index.php\/membership-login\/\">Log In<\/a>. Nejste \u010dlenem? <a href=\"http:\/\/extranet.dcgroup.cz\/index.php\/membership-join\/\">Vytvo\u0159it \u00fa\u010det<\/a><\/div>","protected":false},"excerpt":{"rendered":"<p>You need to be logged in to view this content. Log In. Nejste \u010dlenem? Vytvo\u0159it \u00fa\u010det<\/p>\n","protected":false},"author":1,"featured_media":0,"parent":0,"menu_order":0,"comment_status":"closed","ping_status":"closed","template":"","meta":{"footnotes":""},"class_list":["post-5","page","type-page","status-publish","hentry"],"_links":{"self":[{"href":"http:\/\/extranet.dcgroup.cz\/index.php\/wp-json\/wp\/v2\/pages\/5","targetHints":{"allow":["GET"]}}],"collection":[{"href":"http:\/\/extranet.dcgroup.cz\/index.php\/wp-json\/wp\/v2\/pages"}],"about":[{"href":"http:\/\/extranet.dcgroup.cz\/index.php\/wp-json\/wp\/v2\/types\/page"}],"author":[{"embeddable":true,"href":"http:\/\/extranet.dcgroup.cz\/index.php\/wp-json\/wp\/v2\/users\/1"}],"replies":[{"embeddable":true,"href":"http:\/\/extranet.dcgroup.cz\/index.php\/wp-json\/wp\/v2\/comments?post=5"}],"version-history":[{"count":39,"href":"http:\/\/extranet.dcgroup.cz\/index.php\/wp-json\/wp\/v2\/pages\/5\/revisions"}],"predecessor-version":[{"id":639,"href":"http:\/\/extranet.dcgroup.cz\/index.php\/wp-json\/wp\/v2\/pages\/5\/revisions\/639"}],"wp:attachment":[{"href":"http:\/\/extranet.dcgroup.cz\/index.php\/wp-json\/wp\/v2\/media?parent=5"}],"curies":[{"name":"wp","href":"https:\/\/api.w.org\/{rel}","templated":true}]}}