{"id":284,"date":"2019-05-17T10:27:03","date_gmt":"2019-05-17T08:27:03","guid":{"rendered":"http:\/\/extranet.dcgroup.cz\/?page_id=284"},"modified":"2023-11-16T10:38:39","modified_gmt":"2023-11-16T09:38:39","slug":"adela-senkyrova-2","status":"publish","type":"page","link":"http:\/\/extranet.dcgroup.cz\/index.php\/statistiky\/inkaso\/adela-senkyrova-2\/","title":{"rendered":"Ad\u00e9la \u0160enk\u00fd\u0159ov\u00e1"},"content":{"rendered":"","protected":true},"excerpt":{"rendered":"","protected":true},"author":1,"featured_media":0,"parent":92,"menu_order":0,"comment_status":"closed","ping_status":"closed","template":"","meta":{"footnotes":""},"class_list":["post-284","page","type-page","status-publish","post-password-required","hentry"],"_links":{"self":[{"href":"http:\/\/extranet.dcgroup.cz\/index.php\/wp-json\/wp\/v2\/pages\/284","targetHints":{"allow":["GET"]}}],"collection":[{"href":"http:\/\/extranet.dcgroup.cz\/index.php\/wp-json\/wp\/v2\/pages"}],"about":[{"href":"http:\/\/extranet.dcgroup.cz\/index.php\/wp-json\/wp\/v2\/types\/page"}],"author":[{"embeddable":true,"href":"http:\/\/extranet.dcgroup.cz\/index.php\/wp-json\/wp\/v2\/users\/1"}],"replies":[{"embeddable":true,"href":"http:\/\/extranet.dcgroup.cz\/index.php\/wp-json\/wp\/v2\/comments?post=284"}],"version-history":[{"count":17,"href":"http:\/\/extranet.dcgroup.cz\/index.php\/wp-json\/wp\/v2\/pages\/284\/revisions"}],"predecessor-version":[{"id":527,"href":"http:\/\/extranet.dcgroup.cz\/index.php\/wp-json\/wp\/v2\/pages\/284\/revisions\/527"}],"up":[{"embeddable":true,"href":"http:\/\/extranet.dcgroup.cz\/index.php\/wp-json\/wp\/v2\/pages\/92"}],"wp:attachment":[{"href":"http:\/\/extranet.dcgroup.cz\/index.php\/wp-json\/wp\/v2\/media?parent=284"}],"curies":[{"name":"wp","href":"https:\/\/api.w.org\/{rel}","templated":true}]}}