{"id":134,"date":"2019-02-22T09:42:17","date_gmt":"2019-02-22T08:42:17","guid":{"rendered":"http:\/\/192.168.1.100\/wordpress\/?page_id=134"},"modified":"2025-10-06T10:05:21","modified_gmt":"2025-10-06T08:05:21","slug":"bankovni-spojeni","status":"publish","type":"page","link":"http:\/\/extranet.dcgroup.cz\/index.php\/metodiky\/bankovni-spojeni\/","title":{"rendered":"Bankovn\u00ed spojen\u00ed"},"content":{"rendered":"<div class=\"swpm-post-not-logged-in-msg\">You need to be logged in to view this content.   <a class=\"swpm-login-link\" href=\"http:\/\/extranet.dcgroup.cz\/index.php\/membership-login\/\">Log In<\/a>. Nejste \u010dlenem? <a href=\"http:\/\/extranet.dcgroup.cz\/index.php\/membership-join\/\">Vytvo\u0159it \u00fa\u010det<\/a><\/div>","protected":false},"excerpt":{"rendered":"<p>You need to be logged in to view this content. Log In. Nejste \u010dlenem? Vytvo\u0159it \u00fa\u010det<\/p>\n","protected":false},"author":1,"featured_media":0,"parent":142,"menu_order":0,"comment_status":"closed","ping_status":"closed","template":"","meta":{"footnotes":""},"class_list":["post-134","page","type-page","status-publish","hentry"],"_links":{"self":[{"href":"http:\/\/extranet.dcgroup.cz\/index.php\/wp-json\/wp\/v2\/pages\/134","targetHints":{"allow":["GET"]}}],"collection":[{"href":"http:\/\/extranet.dcgroup.cz\/index.php\/wp-json\/wp\/v2\/pages"}],"about":[{"href":"http:\/\/extranet.dcgroup.cz\/index.php\/wp-json\/wp\/v2\/types\/page"}],"author":[{"embeddable":true,"href":"http:\/\/extranet.dcgroup.cz\/index.php\/wp-json\/wp\/v2\/users\/1"}],"replies":[{"embeddable":true,"href":"http:\/\/extranet.dcgroup.cz\/index.php\/wp-json\/wp\/v2\/comments?post=134"}],"version-history":[{"count":7,"href":"http:\/\/extranet.dcgroup.cz\/index.php\/wp-json\/wp\/v2\/pages\/134\/revisions"}],"predecessor-version":[{"id":619,"href":"http:\/\/extranet.dcgroup.cz\/index.php\/wp-json\/wp\/v2\/pages\/134\/revisions\/619"}],"up":[{"embeddable":true,"href":"http:\/\/extranet.dcgroup.cz\/index.php\/wp-json\/wp\/v2\/pages\/142"}],"wp:attachment":[{"href":"http:\/\/extranet.dcgroup.cz\/index.php\/wp-json\/wp\/v2\/media?parent=134"}],"curies":[{"name":"wp","href":"https:\/\/api.w.org\/{rel}","templated":true}]}}